{"id":401,"date":"2016-12-15T10:07:06","date_gmt":"2016-12-15T08:07:06","guid":{"rendered":"https:\/\/www.muzeulreghin.ro\/?page_id=401"},"modified":"2026-03-17T07:48:16","modified_gmt":"2026-03-17T05:48:16","slug":"contact-2","status":"publish","type":"page","link":"https:\/\/www.muzeulreghin.ro\/en\/contact-2\/","title":{"rendered":"Contact"},"content":{"rendered":"\t\t<div data-elementor-type=\"wp-page\" data-elementor-id=\"401\" class=\"elementor elementor-401\" data-elementor-post-type=\"page\">\n\t\t\t\t\t\t<section class=\"elementor-section elementor-top-section elementor-element elementor-element-5a8df5 elementor-section-boxed elementor-section-height-default elementor-section-height-default\" data-id=\"5a8df5\" data-element_type=\"section\" data-e-type=\"section\">\n\t\t\t\t\t\t<div class=\"elementor-container elementor-column-gap-default\">\n\t\t\t\t\t<div class=\"elementor-column elementor-col-100 elementor-top-column elementor-element elementor-element-33428226\" data-id=\"33428226\" data-element_type=\"column\" data-e-type=\"column\">\n\t\t\t<div class=\"elementor-widget-wrap elementor-element-populated\">\n\t\t\t\t\t\t<div class=\"elementor-element elementor-element-42639221 elementor-widget elementor-widget-text-editor\" data-id=\"42639221\" data-element_type=\"widget\" data-e-type=\"widget\" data-widget_type=\"text-editor.default\">\n\t\t\t\t<div class=\"elementor-widget-container\">\n\t\t\t\t\t\t\t\t\t<p style=\"text-align: left;\">PROGRAM DE VIZITARE<\/p><p>Program de iarn\u0103<\/p><p>Luni &#8211; Vineri<\/p><p>08.00 &#8211; 16.00<\/p><p style=\"text-align: left;\">\u00cen perioada s\u0103rb\u0103torilor legale, muzeul este \u00eenchis, cu excep\u021bia evenimentelor organizate.<\/p><p style=\"text-align: left;\"><strong><span style=\"font-family: georgia, palatino, serif; color: var( --e-global-color-text ); background-color: var(--background);\">DATE DE CONTACT<\/span><\/strong><\/p><div class=\"entry-content\" style=\"text-align: left;\"><p><span style=\"font-family: georgia, palatino, serif;\"> ADRESA<\/span><br \/><span style=\"font-family: georgia, palatino, serif;\"> Str. V\u00e2n\u0103torilor, nr. 51<\/span><br \/><span style=\"font-family: georgia, palatino, serif;\"> Reghin, jud. Mure\u0219<\/span><\/p><p><span style=\"font-family: georgia, palatino, serif;\">TELEFON<\/span><br \/><span style=\"font-family: georgia, palatino, serif;\"> 0265-512571<\/span><\/p><p><span style=\"font-family: georgia, palatino, serif;\">E-MAIL<\/span><br \/><span style=\"font-family: georgia, palatino, serif;\"> muzeureghin@yahoo.com<\/span><\/p><p><span style=\"font-family: georgia, palatino, serif;\">Facebook: <a href=\"https:\/\/ro-ro.facebook.com\/muzeuletnografic.reghin\">Muzeul Etnografic Anton Badea<\/a><\/span><\/p><\/div><p style=\"text-align: left;\"><div class=\"qcf-main qcf-style ContactRO\"><div id=\"none\"><div class=\"qcf-state qcf-ajax-loading qcf-style ContactRO\"><h3 class=\"validating\">Checking&#8230;<\/h3><\/div><div class=\"qcf-state qcf-ajax-error qcf-style ContactRO\"><div align=\"center\">Ouch! There was a server error.<br \/><a class=\"qcf-retry\">Retry &raquo;<\/a><\/div><\/div><div class=\"qcf-state qcf-sending qcf-style ContactRO\"><h3 class=\"sending\">Sending message&#8230;<\/h3><\/div><div class='qcf-state qcf-form-wrapper'>\r\t\r\t<p class=\"qcf-blurb\">Formular de contact:<\/p>\r\t<form class='qcf-form' action=\"\" method=\"POST\" enctype=\"multipart\/form-data\" id=\"qfc-form-ContactRO-1\">\r\t<input type='hidden' name='id' value='ContactRO' \/>\r\t<input type=\"text\" id=\"qcf-form-field-id-ContactRO-1\" placeholder=\"Nume\" class=\"qcf-form-field\" name=\"qcfname1\" value=\"\">\r\t<input type=\"email\" id=\"qcf-form-field-id-ContactRO-2\" placeholder=\"Email\" class=\"qcf-form-field\" name=\"qcfname2\" value=\"\">\r\t<textarea id=\"qcf-form-field-id-ContactRO-4\" placeholder=\"Mesaj\" class=\"qcf-form-field\" name=\"qcfname4\"><\/textarea>\r\t<p><input type=\"submit\" value=\"Trimite\" id=\"submit\" name=\"qcfsubmitContactRO\" \/><\/p><input type=\"hidden\" name=\"form_id\" value=\"69e24e412f6ca2\" \/><\/form><\/div>\r\t<div style=\"clear:both\"><\/div><\/div>\r\t<\/div>\r\tDuminic\u0103<\/p>\t\t\t\t\t\t\t\t<\/div>\n\t\t\t\t<\/div>\n\t\t\t\t\t<\/div>\n\t\t<\/div>\n\t\t\t\t\t<\/div>\n\t\t<\/section>\n\t\t\t\t<section class=\"elementor-section elementor-top-section elementor-element elementor-element-3ddd800 elementor-section-boxed elementor-section-height-default elementor-section-height-default\" data-id=\"3ddd800\" data-element_type=\"section\" data-e-type=\"section\">\n\t\t\t\t\t\t<div class=\"elementor-container elementor-column-gap-default\">\n\t\t\t\t\t<div class=\"elementor-column elementor-col-100 elementor-top-column elementor-element elementor-element-edddd55\" data-id=\"edddd55\" data-element_type=\"column\" data-e-type=\"column\">\n\t\t\t<div class=\"elementor-widget-wrap elementor-element-populated\">\n\t\t\t\t\t\t<div class=\"elementor-element elementor-element-f0573f9 elementor-widget elementor-widget-google_maps\" data-id=\"f0573f9\" data-element_type=\"widget\" data-e-type=\"widget\" data-widget_type=\"google_maps.default\">\n\t\t\t\t<div class=\"elementor-widget-container\">\n\t\t\t\t\t\t\t<div class=\"elementor-custom-embed\">\n\t\t\t<iframe loading=\"lazy\"\n\t\t\t\t\tsrc=\"https:\/\/maps.google.com\/maps?q=Str.%20V%C3%A2n%C4%83torilor%2C%20nr.%2051%20Reghin&#038;t=m&#038;z=10&#038;output=embed&#038;iwloc=near\"\n\t\t\t\t\ttitle=\"Str. V\u00e2n\u0103torilor, nr. 51 Reghin\"\n\t\t\t\t\taria-label=\"Str. V\u00e2n\u0103torilor, nr. 51 Reghin\"\n\t\t\t><\/iframe>\n\t\t<\/div>\n\t\t\t\t\t\t<\/div>\n\t\t\t\t<\/div>\n\t\t\t\t\t<\/div>\n\t\t<\/div>\n\t\t\t\t\t<\/div>\n\t\t<\/section>\n\t\t\t\t<\/div>\n\t\t","protected":false},"excerpt":{"rendered":"<p>VISITING HOURS Monday to Friday 08.00 &#8211; 16.00 ADDRESS V\u00e2n\u0103torilor street, no. 51 Reghin, Mure\u0219 county PHONE 0265-512571 E-MAIL muzeureghin@yahoo.com Facebook: Muzeul Etnografic Anton Badea Duminic\u0103<\/p>\n","protected":false},"author":1,"featured_media":0,"parent":0,"menu_order":0,"comment_status":"closed","ping_status":"closed","template":"","meta":{"inline_featured_image":false,"footnotes":""},"class_list":["post-401","page","type-page","status-publish","hentry"],"aioseo_notices":[],"_links":{"self":[{"href":"https:\/\/www.muzeulreghin.ro\/en\/wp-json\/wp\/v2\/pages\/401","targetHints":{"allow":["GET"]}}],"collection":[{"href":"https:\/\/www.muzeulreghin.ro\/en\/wp-json\/wp\/v2\/pages"}],"about":[{"href":"https:\/\/www.muzeulreghin.ro\/en\/wp-json\/wp\/v2\/types\/page"}],"author":[{"embeddable":true,"href":"https:\/\/www.muzeulreghin.ro\/en\/wp-json\/wp\/v2\/users\/1"}],"replies":[{"embeddable":true,"href":"https:\/\/www.muzeulreghin.ro\/en\/wp-json\/wp\/v2\/comments?post=401"}],"version-history":[{"count":22,"href":"https:\/\/www.muzeulreghin.ro\/en\/wp-json\/wp\/v2\/pages\/401\/revisions"}],"predecessor-version":[{"id":7830,"href":"https:\/\/www.muzeulreghin.ro\/en\/wp-json\/wp\/v2\/pages\/401\/revisions\/7830"}],"wp:attachment":[{"href":"https:\/\/www.muzeulreghin.ro\/en\/wp-json\/wp\/v2\/media?parent=401"}],"curies":[{"name":"wp","href":"https:\/\/api.w.org\/{rel}","templated":true}]}}