{"id":7229,"date":"2023-09-05T10:33:13","date_gmt":"2023-09-05T08:33:13","guid":{"rendered":"https:\/\/www.muzeulreghin.ro\/?page_id=7229"},"modified":"2023-10-30T16:36:23","modified_gmt":"2023-10-30T14:36:23","slug":"casuta-din-hodac","status":"publish","type":"page","link":"https:\/\/www.muzeulreghin.ro\/en\/casuta-din-hodac\/","title":{"rendered":"House from Hodac"},"content":{"rendered":"\t\t<div data-elementor-type=\"wp-page\" data-elementor-id=\"7229\" class=\"elementor elementor-7229\" data-elementor-post-type=\"page\">\n\t\t\t\t\t\t<section class=\"elementor-section elementor-top-section elementor-element elementor-element-1145a59c elementor-section-boxed elementor-section-height-default elementor-section-height-default\" data-id=\"1145a59c\" data-element_type=\"section\" data-e-type=\"section\">\n\t\t\t\t\t\t<div class=\"elementor-container elementor-column-gap-default\">\n\t\t\t\t\t<div class=\"elementor-column elementor-col-100 elementor-top-column elementor-element elementor-element-577cb04e\" data-id=\"577cb04e\" data-element_type=\"column\" data-e-type=\"column\">\n\t\t\t<div class=\"elementor-widget-wrap elementor-element-populated\">\n\t\t\t\t\t\t<div class=\"elementor-element elementor-element-f89ec9f elementor-widget elementor-widget-gallery\" data-id=\"f89ec9f\" data-element_type=\"widget\" data-e-type=\"widget\" data-settings=\"{&quot;lazyload&quot;:&quot;yes&quot;,&quot;gallery_layout&quot;:&quot;grid&quot;,&quot;columns&quot;:4,&quot;columns_tablet&quot;:2,&quot;columns_mobile&quot;:1,&quot;gap&quot;:{&quot;unit&quot;:&quot;px&quot;,&quot;size&quot;:10,&quot;sizes&quot;:[]},&quot;gap_tablet&quot;:{&quot;unit&quot;:&quot;px&quot;,&quot;size&quot;:10,&quot;sizes&quot;:[]},&quot;gap_mobile&quot;:{&quot;unit&quot;:&quot;px&quot;,&quot;size&quot;:10,&quot;sizes&quot;:[]},&quot;link_to&quot;:&quot;file&quot;,&quot;aspect_ratio&quot;:&quot;3:2&quot;,&quot;overlay_background&quot;:&quot;yes&quot;,&quot;content_hover_animation&quot;:&quot;fade-in&quot;}\" data-widget_type=\"gallery.default\">\n\t\t\t\t<div class=\"elementor-widget-container\">\n\t\t\t\t\t\t\t<div class=\"elementor-gallery__container\">\n\t\t\t\t\t\t\t<a class=\"e-gallery-item elementor-gallery-item elementor-animated-content\" href=\"https:\/\/www.muzeulreghin.ro\/wp-content\/uploads\/2023\/10\/Casa-Hodac.jpg\" data-elementor-open-lightbox=\"yes\" data-elementor-lightbox-slideshow=\"f89ec9f\" data-e-action-hash=\"#elementor-action%3Aaction%3Dlightbox%26settings%3DeyJpZCI6NzUwMywidXJsIjoiaHR0cHM6XC9cL3d3dy5tdXpldWxyZWdoaW4ucm9cL3dwLWNvbnRlbnRcL3VwbG9hZHNcLzIwMjNcLzEwXC9DYXNhLUhvZGFjLmpwZyIsInNsaWRlc2hvdyI6ImY4OWVjOWYifQ%3D%3D\">\n\t\t\t\t\t<div class=\"e-gallery-image elementor-gallery-item__image\" data-thumbnail=\"https:\/\/www.muzeulreghin.ro\/wp-content\/uploads\/2023\/10\/Casa-Hodac-300x169.jpg\" data-width=\"300\" data-height=\"169\" aria-label=\"\" role=\"img\" ><\/div>\n\t\t\t\t\t\t\t\t\t\t\t<div class=\"elementor-gallery-item__overlay\"><\/div>\n\t\t\t\t\t\t\t\t\t\t\t\t\t\t<\/a>\n\t\t\t\t\t\t\t<a class=\"e-gallery-item elementor-gallery-item elementor-animated-content\" href=\"https:\/\/www.muzeulreghin.ro\/wp-content\/uploads\/2023\/09\/IMG_9297-scaled.jpg\" data-elementor-open-lightbox=\"yes\" data-elementor-lightbox-slideshow=\"f89ec9f\" data-e-action-hash=\"#elementor-action%3Aaction%3Dlightbox%26settings%3DeyJpZCI6NzIzMywidXJsIjoiaHR0cHM6XC9cL3d3dy5tdXpldWxyZWdoaW4ucm9cL3dwLWNvbnRlbnRcL3VwbG9hZHNcLzIwMjNcLzA5XC9JTUdfOTI5Ny1zY2FsZWQuanBnIiwic2xpZGVzaG93IjoiZjg5ZWM5ZiJ9\">\n\t\t\t\t\t<div class=\"e-gallery-image elementor-gallery-item__image\" data-thumbnail=\"https:\/\/www.muzeulreghin.ro\/wp-content\/uploads\/2023\/09\/IMG_9297-300x200.jpg\" data-width=\"300\" data-height=\"200\" aria-label=\"\" role=\"img\" ><\/div>\n\t\t\t\t\t\t\t\t\t\t\t<div class=\"elementor-gallery-item__overlay\"><\/div>\n\t\t\t\t\t\t\t\t\t\t\t\t\t\t<\/a>\n\t\t\t\t\t\t\t<a class=\"e-gallery-item elementor-gallery-item elementor-animated-content\" href=\"https:\/\/www.muzeulreghin.ro\/wp-content\/uploads\/2023\/09\/IMG_9312-scaled.jpg\" data-elementor-open-lightbox=\"yes\" data-elementor-lightbox-slideshow=\"f89ec9f\" data-e-action-hash=\"#elementor-action%3Aaction%3Dlightbox%26settings%3DeyJpZCI6NzIzNiwidXJsIjoiaHR0cHM6XC9cL3d3dy5tdXpldWxyZWdoaW4ucm9cL3dwLWNvbnRlbnRcL3VwbG9hZHNcLzIwMjNcLzA5XC9JTUdfOTMxMi1zY2FsZWQuanBnIiwic2xpZGVzaG93IjoiZjg5ZWM5ZiJ9\">\n\t\t\t\t\t<div class=\"e-gallery-image elementor-gallery-item__image\" data-thumbnail=\"https:\/\/www.muzeulreghin.ro\/wp-content\/uploads\/2023\/09\/IMG_9312-300x200.jpg\" data-width=\"300\" data-height=\"200\" aria-label=\"\" role=\"img\" ><\/div>\n\t\t\t\t\t\t\t\t\t\t\t<div class=\"elementor-gallery-item__overlay\"><\/div>\n\t\t\t\t\t\t\t\t\t\t\t\t\t\t<\/a>\n\t\t\t\t\t\t\t<a class=\"e-gallery-item elementor-gallery-item elementor-animated-content\" href=\"https:\/\/www.muzeulreghin.ro\/wp-content\/uploads\/2023\/10\/casuta-Hodac-int-scaled.jpg\" data-elementor-open-lightbox=\"yes\" data-elementor-lightbox-slideshow=\"f89ec9f\" data-e-action-hash=\"#elementor-action%3Aaction%3Dlightbox%26settings%3DeyJpZCI6NzQ0MywidXJsIjoiaHR0cHM6XC9cL3d3dy5tdXpldWxyZWdoaW4ucm9cL3dwLWNvbnRlbnRcL3VwbG9hZHNcLzIwMjNcLzEwXC9jYXN1dGEtSG9kYWMtaW50LXNjYWxlZC5qcGciLCJzbGlkZXNob3ciOiJmODllYzlmIn0%3D\">\n\t\t\t\t\t<div class=\"e-gallery-image elementor-gallery-item__image\" data-thumbnail=\"https:\/\/www.muzeulreghin.ro\/wp-content\/uploads\/2023\/10\/casuta-Hodac-int-300x200.jpg\" data-width=\"300\" data-height=\"200\" aria-label=\"\" role=\"img\" ><\/div>\n\t\t\t\t\t\t\t\t\t\t\t<div class=\"elementor-gallery-item__overlay\"><\/div>\n\t\t\t\t\t\t\t\t\t\t\t\t\t\t<\/a>\n\t\t\t\t\t<\/div>\n\t\t\t\t\t<\/div>\n\t\t\t\t<\/div>\n\t\t\t\t<div class=\"elementor-element elementor-element-3df7afd8 elementor-widget elementor-widget-text-editor\" data-id=\"3df7afd8\" data-element_type=\"widget\" data-e-type=\"widget\" data-widget_type=\"text-editor.default\">\n\t\t\t\t<div class=\"elementor-widget-container\">\n\t\t\t\t\t\t\t\t\t<p><\/p><p>Locuin\u0163\u0103 de pe Valea Gurghiului, din localitatea Hodac, construit\u0103 \u00een a doua jum\u0103tate a secolului al XVIII-lea. Planul construc\u0163iei se deruleaz\u0103 astfel: camera dinainte \u2013 tind\u0103 \u2013 camera dinapoi. Construc\u0163ia este a\u015fezat\u0103 pe t\u0103lpi din lemn de stejar, pardoseala fiind din lut b\u0103tut. Pere\u0163ii construc\u0163iei sunt realiza\u0163i din b\u00e2rne de stejar \u00eembinate \u00een \u201dcoad\u0103 de r\u00e2ndunic\u0103\u201d. Acoperi\u015ful este de tip \u015farpant\u0103 \u00een patru ape, drani\u0163a fiind realizat\u0103 din lemn de brad.<\/p><p>Cuprinde o anex\u0103, cl\u0103direa ce servea ca \u015fi ad\u0103post pentru animale, numit\u0103 \u201e\u015fur\u0103\u201d. Este construit\u0103 din b\u00e2rne de lemn de fag, \u00eencheiate la capete \u00een cheutori. Pere\u0163ii sunt lipi\u0163i cu lut \u00een partea exterioar\u0103 \u015fi sunt v\u0103rui\u0163i. Acoperi\u015ful este de tip \u015farpant\u0103, \u00een dou\u0103 ape, cu \u00eenvelitoare de drani\u0163\u0103. Construc\u0163ia ad\u0103poste\u015fte dou\u0103 grajduri (unul pentru vite \u015fi unul pentru oi) dispuse de o parte \u015fi de cealalt\u0103 a spa\u0163iului liber destinat ad\u0103postirii c\u0103ru\u0163elor.<\/p><p><\/p>\t\t\t\t\t\t\t\t<\/div>\n\t\t\t\t<\/div>\n\t\t\t\t\t<\/div>\n\t\t<\/div>\n\t\t\t\t\t<\/div>\n\t\t<\/section>\n\t\t\t\t<\/div>\n\t\t","protected":false},"excerpt":{"rendered":"<p>The house from Gurghiului Valley, from Hodac village, built in the second half of the 18th century. The construction plan is designed as follows: the front room &#8211; the porch [&hellip;]<\/p>\n","protected":false},"author":1,"featured_media":0,"parent":0,"menu_order":2,"comment_status":"closed","ping_status":"closed","template":"","meta":{"inline_featured_image":false,"footnotes":""},"class_list":["post-7229","page","type-page","status-publish","hentry"],"aioseo_notices":[],"_links":{"self":[{"href":"https:\/\/www.muzeulreghin.ro\/en\/wp-json\/wp\/v2\/pages\/7229","targetHints":{"allow":["GET"]}}],"collection":[{"href":"https:\/\/www.muzeulreghin.ro\/en\/wp-json\/wp\/v2\/pages"}],"about":[{"href":"https:\/\/www.muzeulreghin.ro\/en\/wp-json\/wp\/v2\/types\/page"}],"author":[{"embeddable":true,"href":"https:\/\/www.muzeulreghin.ro\/en\/wp-json\/wp\/v2\/users\/1"}],"replies":[{"embeddable":true,"href":"https:\/\/www.muzeulreghin.ro\/en\/wp-json\/wp\/v2\/comments?post=7229"}],"version-history":[{"count":9,"href":"https:\/\/www.muzeulreghin.ro\/en\/wp-json\/wp\/v2\/pages\/7229\/revisions"}],"predecessor-version":[{"id":7506,"href":"https:\/\/www.muzeulreghin.ro\/en\/wp-json\/wp\/v2\/pages\/7229\/revisions\/7506"}],"wp:attachment":[{"href":"https:\/\/www.muzeulreghin.ro\/en\/wp-json\/wp\/v2\/media?parent=7229"}],"curies":[{"name":"wp","href":"https:\/\/api.w.org\/{rel}","templated":true}]}}